{"id":31681,"date":"2026-03-18T17:26:51","date_gmt":"2026-03-18T17:26:51","guid":{"rendered":"https:\/\/terrasouk.shop\/?post_type=product&#038;p=31681"},"modified":"2026-03-18T17:27:24","modified_gmt":"2026-03-18T17:27:24","slug":"fehn-kuscheltier-baer-bruno-weicher-teddybaer-fuer-neugeborene-als-einschlafhilfe-stofftier-zum-greifen","status":"publish","type":"product","link":"https:\/\/terrasouk.shop\/en\/product\/fehn-kuscheltier-baer-bruno-weicher-teddybaer-fuer-neugeborene-als-einschlafhilfe-stofftier-zum-greifen\/","title":{"rendered":"Fehn Kuscheltier B\u00e4r Bruno \u2013 Weicher Teddyb\u00e4r f\u00fcr Neugeborene als Einschlafhilfe &#8211; Stofftier zum Greifen"},"content":{"rendered":"<p><b>Marke:<\/b> Fehn<\/p>\n<p><b>Farbe:<\/b> B\u00e4r, Bruno<\/p>\n<p><b>Eigenschaften:<\/b><\/p>\n<ul>\n<li>KUSCHELTIER BEGLEITER &#8211; Mit seinen funkelnden, braunen Augen und seinem flauschigen Fell verzaubert Kuschelb\u00e4r Bruno jedes Babyherz &#8211; der perfekte erste Freund zum Knuddeln und Wohlf\u00fchlen<\/li>\n<li>VIELF\u00c3\u201eLTIG NUTZBAR &#8211; Ob als normales Kuscheltier, als wachsamer Besch\u00fctzer in der Nacht oder zum Spielen \u00fcber den Tag: Das Babyspielzeug zeichnet sich vor allem durch seine Vielfalt an Nutzungsm\u00f6glichkeiten aus<\/li>\n<li>TOLLE DETAILS &#8211; Die Schlafm\u00fctze des B\u00e4ren l\u00e4dt zum F\u00fchlen und Greifen ein, gleichzeitig eignet sich die praktische Bauchtasche ideal zum Verstauen von Schnullern &#8211; so wird der kleine B\u00e4r schnell zum liebsten Begleiter<\/li>\n<li>HOHE QUALIT\u00c3\u201eT &#8211; Das sanfte Obermaterial aus Softvelours, Pl\u00fcsch und Stoff sorgt f\u00fcr wunderbare Schmusestunden und sollte bei 30\u00b0C gewaschen werden<\/li>\n<li>LIEFERUMFANG &#8211; 1 x Kuscheltier B\u00e4r aus der Kollektion BrunoBabys erster Kuschelfreund zum Spielen und Spa\u00c3\u0178 habenMa\u00c3\u0178e: 25 cmArt.Nr: 060225<\/li>\n<\/ul>\n<p><b>Bindung:<\/b> Babyartikel<\/p>\n<p><b>Modellnummer:<\/b> 060225<\/p>\n<p><b>Artikelnummer:<\/b> 060225<\/p>\n<p><b>Einzelheiten:<\/b> Fehn Kuscheltier B\u00e4r<\/p>\n<p>Niedlich und flauschig: Bruno muss man einfach liebhaben! Der Kuschelb\u00e4r sorgt f\u00fcr unvergessliche erste Momente der Kindheit. Tags\u00fcber der perfekte Spiel-<br \/>\ngef\u00e4hrte, nachts der f\u00fcrsorgliche Besch\u00fctzer, an den Baby sich ganz sanft ankuscheln kann. Kuschelig und warm: Das Stofftier von Fehn ist der perfekte Beglei-<br \/>\nter auf Babys Abenteuern! Produktinformationen Kuscheltier B\u00e4r aus der Kollektion Bruno F\u00fcr Babys von Geburt an 0+ geeignet Stofftier zum Kuscheln und Liebhaben Gr\u00f6\u00dfe: 25 cm Obermaterial: Softvelours, Pl\u00fcsch und Stoff Bei 30\u00b0C waschbar Ideal als Geschenk zur Geburt, Taufe oder als Geburtstagsgeschenk f\u00fcr Babys und Kleinkinder Von unabh\u00e4ngigen Testinstituten auf Sicherheit gepr\u00fcft Fehn<br \/>\nDas deutsche Unternehmen Fehn produziert innovatives Qualit\u00e4tsspielzeug f\u00fcr Babys von Geburt an. Die liebevoll gestalteten Babyprodukte f\u00f6rdern seit dem<br \/>\nGr\u00fcndungsjahr 1949 die motorischen F\u00e4higkeiten und die Entwicklung des Seh-, H\u00f6r- und Tastverm\u00f6gens. Die Marke Fehn verwendet ausschlie\u00dflich hochwer-<br \/>\ntige Materialien und f\u00fchrt strengste Sicherheitskontrollen durch: Jedes Produkt wird von unabh\u00e4ngigen und f\u00fchrenden Testinstituten in Deutschland auf Sicher-<br \/>\nheit und Unbedenklichkeit gepr\u00fcft. Als Familienunternehmen in der dritten Generation steht die Familie im Mittelpunkt des Tuns von Fehn!<\/p>\n<p><b>EAN:<\/b> 4001998060225<\/p>\n<p><b>Paketma\u00dfe:<\/b> 11.7 x 6.7 x 2.9 inches<\/p>","protected":false},"excerpt":{"rendered":"<p>Marke: Fehn Farbe: B\u00e4r, Bruno Eigenschaften: KUSCHELTIER BEGLEITER &#8211; Mit seinen funkelnden, braunen Augen und seinem flauschigen Fell verzaubert Kuschelb\u00e4r<\/p>","protected":false},"featured_media":31587,"comment_status":"open","ping_status":"closed","template":"","meta":[],"product_brand":[],"product_cat":[150,151,152],"product_tag":[139,142,141],"class_list":{"0":"post-31681","1":"product","2":"type-product","3":"status-publish","4":"has-post-thumbnail","6":"product_cat-collection-1","7":"product_cat-collection-2","8":"product_cat-startseite","9":"product_tag-baby-product","10":"product_tag-fehn","11":"product_tag-stofftiere-teddybaeren","13":"first","14":"instock","15":"shipping-taxable","16":"purchasable","17":"product-type-simple"},"_links":{"self":[{"href":"https:\/\/terrasouk.shop\/en\/wp-json\/wp\/v2\/product\/31681","targetHints":{"allow":["GET"]}}],"collection":[{"href":"https:\/\/terrasouk.shop\/en\/wp-json\/wp\/v2\/product"}],"about":[{"href":"https:\/\/terrasouk.shop\/en\/wp-json\/wp\/v2\/types\/product"}],"replies":[{"embeddable":true,"href":"https:\/\/terrasouk.shop\/en\/wp-json\/wp\/v2\/comments?post=31681"}],"version-history":[{"count":1,"href":"https:\/\/terrasouk.shop\/en\/wp-json\/wp\/v2\/product\/31681\/revisions"}],"predecessor-version":[{"id":31682,"href":"https:\/\/terrasouk.shop\/en\/wp-json\/wp\/v2\/product\/31681\/revisions\/31682"}],"wp:featuredmedia":[{"embeddable":true,"href":"https:\/\/terrasouk.shop\/en\/wp-json\/wp\/v2\/media\/31587"}],"wp:attachment":[{"href":"https:\/\/terrasouk.shop\/en\/wp-json\/wp\/v2\/media?parent=31681"}],"wp:term":[{"taxonomy":"product_brand","embeddable":true,"href":"https:\/\/terrasouk.shop\/en\/wp-json\/wp\/v2\/product_brand?post=31681"},{"taxonomy":"product_cat","embeddable":true,"href":"https:\/\/terrasouk.shop\/en\/wp-json\/wp\/v2\/product_cat?post=31681"},{"taxonomy":"product_tag","embeddable":true,"href":"https:\/\/terrasouk.shop\/en\/wp-json\/wp\/v2\/product_tag?post=31681"}],"curies":[{"name":"wp","href":"https:\/\/api.w.org\/{rel}","templated":true}]}}