{"id":31707,"date":"2026-03-20T14:02:46","date_gmt":"2026-03-20T14:02:46","guid":{"rendered":"https:\/\/terrasouk.shop\/?post_type=product&#038;p=31707"},"modified":"2026-03-20T14:03:03","modified_gmt":"2026-03-20T14:03:03","slug":"steiff-kuscheltier-ollie-eule-suesses-stofftier-jungen-maedchen-babys-ab-0-monaten-friends-plueschtier-2","status":"publish","type":"product","link":"https:\/\/terrasouk.shop\/en\/product\/steiff-kuscheltier-ollie-eule-suesses-stofftier-jungen-maedchen-babys-ab-0-monaten-friends-plueschtier-2\/","title":{"rendered":"Steiff Kuscheltier Ollie Eule, S\u00fc\u00dfes Stofftier, Jungen, M\u00e4dchen &#038; Babys ab 0 Monaten, Friends, Pl\u00fcschtier 2"},"content":{"rendered":"<p><b>Marke:<\/b> Steiff<\/p>\n<p><b>Farbe:<\/b> Beige 23 Cm<\/p>\n<p><b>Eigenschaften:<\/b><\/p>\n<ul>\n<li>BESTER FREUND: Das Original Steiff Pl\u00fcschtier ist nicht nur ein Kuscheltier, sondern auch der perfekte Spielkamerad f\u00fcr Babys. Es wird schnell zum besten Freund und bleibt ein treuer Begleiter f\u00fcrs Leben.<\/li>\n<li>WEICH &amp; KUSCHELIG: Die Eule Ollie verzaubert mit ihrem weichen Pl\u00fcschfell und den gestickten Augen. Ein tolles Geschenk f\u00fcr Babys, die auf der Suche nach einem treuen Kuschelfreund sind.<\/li>\n<li>MA\u00dfE &amp; PFLEGE: Die Eule ist 23 cm gro\u00df. Sie ist in liebevoller Handarbeit gefertigt und somit ein Unikat. Zudem ist sie bei 30 \u00b0C waschbar.<\/li>\n<li>BESONDERES SPIELERLEBNIS: Das weiche Material, die liebevoll gestalteten Details und die perfekte Gr\u00f6\u00dfe f\u00fcr kleine H\u00e4nde sorgen f\u00fcr kuschelige Babytr\u00e4ume.<\/li>\n<li>ORIGINAL STEIFF: Seit 1880 steht der \u201eKnopf im Ohr\u201c f\u00fcr unser Qualit\u00e4tsversprechen. Unsere Pl\u00fcschtiere \u00fcberzeugen mit gepr\u00fcfter Qualit\u00e4t, unbedenklichen Materialien und hochwertiger Verarbeitung.<\/li>\n<\/ul>\n<p><b>Bindung:<\/b> Spielzeug<\/p>\n<p><b>Modellnummer:<\/b> 241833<\/p>\n<p><b>Artikelnummer:<\/b> 241833<\/p>\n<p><b>EAN:<\/b> 4001505241833<\/p>\n<p><b>Paketma\u00dfe:<\/b> 10.8 x 8.5 x 4.6 inches<\/p>","protected":false},"excerpt":{"rendered":"<p>Marke: Steiff Farbe: Beige 23 Cm Eigenschaften: BESTER FREUND: Das Original Steiff Pl\u00fcschtier ist nicht nur ein Kuscheltier, sondern auch<\/p>","protected":false},"featured_media":31635,"comment_status":"open","ping_status":"closed","template":"","meta":[],"product_brand":[],"product_cat":[150,151,152],"product_tag":[139,149,141],"class_list":{"0":"post-31707","1":"product","2":"type-product","3":"status-publish","4":"has-post-thumbnail","6":"product_cat-collection-1","7":"product_cat-collection-2","8":"product_cat-startseite","9":"product_tag-baby-product","10":"product_tag-steiff","11":"product_tag-stofftiere-teddybaeren","13":"first","14":"instock","15":"shipping-taxable","16":"purchasable","17":"product-type-simple"},"_links":{"self":[{"href":"https:\/\/terrasouk.shop\/en\/wp-json\/wp\/v2\/product\/31707","targetHints":{"allow":["GET"]}}],"collection":[{"href":"https:\/\/terrasouk.shop\/en\/wp-json\/wp\/v2\/product"}],"about":[{"href":"https:\/\/terrasouk.shop\/en\/wp-json\/wp\/v2\/types\/product"}],"replies":[{"embeddable":true,"href":"https:\/\/terrasouk.shop\/en\/wp-json\/wp\/v2\/comments?post=31707"}],"version-history":[{"count":1,"href":"https:\/\/terrasouk.shop\/en\/wp-json\/wp\/v2\/product\/31707\/revisions"}],"predecessor-version":[{"id":31708,"href":"https:\/\/terrasouk.shop\/en\/wp-json\/wp\/v2\/product\/31707\/revisions\/31708"}],"wp:featuredmedia":[{"embeddable":true,"href":"https:\/\/terrasouk.shop\/en\/wp-json\/wp\/v2\/media\/31635"}],"wp:attachment":[{"href":"https:\/\/terrasouk.shop\/en\/wp-json\/wp\/v2\/media?parent=31707"}],"wp:term":[{"taxonomy":"product_brand","embeddable":true,"href":"https:\/\/terrasouk.shop\/en\/wp-json\/wp\/v2\/product_brand?post=31707"},{"taxonomy":"product_cat","embeddable":true,"href":"https:\/\/terrasouk.shop\/en\/wp-json\/wp\/v2\/product_cat?post=31707"},{"taxonomy":"product_tag","embeddable":true,"href":"https:\/\/terrasouk.shop\/en\/wp-json\/wp\/v2\/product_tag?post=31707"}],"curies":[{"name":"wp","href":"https:\/\/api.w.org\/{rel}","templated":true}]}}