{"id":31713,"date":"2026-03-21T02:18:26","date_gmt":"2026-03-21T02:18:26","guid":{"rendered":"https:\/\/terrasouk.shop\/?post_type=product&#038;p=31713"},"modified":"2026-03-21T02:18:53","modified_gmt":"2026-03-21T02:18:53","slug":"steiff-hoppie-hase-18-cm-hellgrau-plueschtier-hase-mit-schlappohren-soft-cuddly-friends-flauschiges-stofftier-zum-2","status":"publish","type":"product","link":"https:\/\/terrasouk.shop\/en\/product\/steiff-hoppie-hase-18-cm-hellgrau-plueschtier-hase-mit-schlappohren-soft-cuddly-friends-flauschiges-stofftier-zum-2\/","title":{"rendered":"Steiff Hoppie Hase 18 cm hellgrau, Pl\u00fcschtier Hase mit Schlappohren, Soft Cuddly Friends, flauschiges Stofftier zum"},"content":{"rendered":"<p><b>Marke:<\/b> Steiff<\/p>\n<p><b>Farbe:<\/b> Hellgrau<\/p>\n<p><b>Ausgabe:<\/b> Regular<\/p>\n<p><b>Eigenschaften:<\/b><\/p>\n<ul>\n<li>HOPPIE HASE Mit einer H\u00f6he von 18 cm ist der kleine, sitzende Stoffhase der ideale Begleiter f\u00fcr den Alltag &#8211; f\u00fcr Jungs und M\u00e4dchen. Waschmaschinenfest bei 30\u00b0C<\/li>\n<li>KUSCHELTIER HASE Der kleine Pl\u00fcschhase Hoppie ist ein treuer Begleiter, zum Kuscheln und Spielen f\u00fcr jedes Kind. Die langen Ohren eignen sich ideal, um das Greifen zu Lernen<\/li>\n<li>WEICH &amp; KUSCHELIG Unser Stoffier Hase Hoppie verzaubert jeden mit seinem hellgrauen, kuschelweichen Fell aus Pl\u00fcsch und Kunststoff Knopfaugen. Die eingearbeiteten Granulats\u00e4ckchen am Ges\u00e4\u00df, den Pfoten und den Sohlen sorgen f\u00fcr einen sicheren Halt<\/li>\n<li>KNOPF IM OHR Nat\u00fcrlich mit unserem original Edelstahl \u201eKnopf im Ohr\u201d<\/li>\n<li>F\u00dcR KINDER IST NUR DAS BESTE GUT GENUG Unsere Pl\u00fcschtiere \u00fcberzeugen mit gepr\u00fcfter Qualit\u00e4t, unbedenklichen Materialien und hochwertiger Verarbeitung. Das macht den Steiff Stoffhasen zu einem Freund f\u00fcrs Leben<\/li>\n<\/ul>\n<p><b>Bindung:<\/b> Spielzeug<\/p>\n<p><b>Ver\u00f6ffentlichungsdatum:<\/b> 01-08-2017<\/p>\n<p><b>Modellnummer:<\/b> 080463<\/p>\n<p><b>Artikelnummer:<\/b> 080463<\/p>\n<p><b>Einzelheiten:<\/b> Produktbeschreibung<\/p>\n<p>Soft Cuddly Friends Hoppie Hase<br \/>\nKinderaugen leuchten, wenn Soft Cuddly Friends Hoppie Hase angehoppelt kommt. Es ist Liebe auf den ersten Blick! Der 28 cm gro\u00dfe Hase mit seiner niedlichen rosa Nase und seinen \u00fcberlangen Ohren ist f\u00fcr Klein und Gro\u00df ein liebevoller Begleiter f\u00fcr jeden Tag. Mit ihm kann man tolle Verstecke und H\u00f6hlen bauen. Da ist Hoppie Hase Spezialist. Die eingearbeiteten Granulats\u00e4ckchen am Ges\u00e4\u00df, den Pfoten und den Sohlen sorgen f\u00fcr einen sicheren Halt. Der weiche und dichte Pl\u00fcsch in zartem Hellgrau l\u00e4dt zum Anschmiegen und Liebhaben ein. Mit diesem Kuschelhasen kann man prima das Greifen und Tasten lernen. Und in den Ruhepausen legt Hoppie Hase seine \u00fcberlangen Ohren \u00fcber das Gesicht seines Menschenfreundes und fl\u00fcstert ihm wundersch\u00f6ne Einschlafgeschichten zu.<\/p>\n<p>Markenbeschreibung<\/p>\n<p>Die Marke Steiff \u2013 Knopf im Ohr<\/p>\n<p>Steiff- Knopf im Ohr ist der Markenname der Margarete Steiff GmbH die ihren Sitz in Giengen an der Brenz hat. Die Firma ist der Hersteller von weltweit vertriebenen Pl\u00fcschtieren und Kinderbekleidung.<br \/>\nDas Markenzeichen der Pl\u00fcschtiere ist der Knopf im Ohr, der 1904 von Franz Steiff, einem Neffen von Margarete Steiff, erfunden wurde.<br \/>\nBei der Herstellung der Pl\u00fcschtiere werden nur beste Materialien verwendet, die alle dem Steiff Reinheitsgebot unterliegen. Dies steht daf\u00fcr, dass das Pl\u00fcschtier sicher und unbedenklich ist, egal was passiert.<br \/>\n\u00dcberzeugen auch Sie und Ihr Kind sich von der Qualit\u00e4t dieser Marke!<\/p>\n<p>Warnhinweise<\/p>\n<p>Nicht zutreffend<\/p>\n<p><b>EAN:<\/b> 4001505080463<\/p>\n<p><b>Paketma\u00dfe:<\/b> 10.7 x 7.0 x 3.7 inches<\/p>","protected":false},"excerpt":{"rendered":"<p>Marke: Steiff Farbe: Hellgrau Ausgabe: Regular Eigenschaften: HOPPIE HASE Mit einer H\u00f6he von 18 cm ist der kleine, sitzende Stoffhase<\/p>","protected":false},"featured_media":31622,"comment_status":"open","ping_status":"closed","template":"","meta":[],"product_brand":[],"product_cat":[150,151,152],"product_tag":[149,141,144],"class_list":{"0":"post-31713","1":"product","2":"type-product","3":"status-publish","4":"has-post-thumbnail","6":"product_cat-collection-1","7":"product_cat-collection-2","8":"product_cat-startseite","9":"product_tag-steiff","10":"product_tag-stofftiere-teddybaeren","11":"product_tag-toy","13":"first","14":"instock","15":"shipping-taxable","16":"purchasable","17":"product-type-simple"},"_links":{"self":[{"href":"https:\/\/terrasouk.shop\/en\/wp-json\/wp\/v2\/product\/31713","targetHints":{"allow":["GET"]}}],"collection":[{"href":"https:\/\/terrasouk.shop\/en\/wp-json\/wp\/v2\/product"}],"about":[{"href":"https:\/\/terrasouk.shop\/en\/wp-json\/wp\/v2\/types\/product"}],"replies":[{"embeddable":true,"href":"https:\/\/terrasouk.shop\/en\/wp-json\/wp\/v2\/comments?post=31713"}],"version-history":[{"count":1,"href":"https:\/\/terrasouk.shop\/en\/wp-json\/wp\/v2\/product\/31713\/revisions"}],"predecessor-version":[{"id":31714,"href":"https:\/\/terrasouk.shop\/en\/wp-json\/wp\/v2\/product\/31713\/revisions\/31714"}],"wp:featuredmedia":[{"embeddable":true,"href":"https:\/\/terrasouk.shop\/en\/wp-json\/wp\/v2\/media\/31622"}],"wp:attachment":[{"href":"https:\/\/terrasouk.shop\/en\/wp-json\/wp\/v2\/media?parent=31713"}],"wp:term":[{"taxonomy":"product_brand","embeddable":true,"href":"https:\/\/terrasouk.shop\/en\/wp-json\/wp\/v2\/product_brand?post=31713"},{"taxonomy":"product_cat","embeddable":true,"href":"https:\/\/terrasouk.shop\/en\/wp-json\/wp\/v2\/product_cat?post=31713"},{"taxonomy":"product_tag","embeddable":true,"href":"https:\/\/terrasouk.shop\/en\/wp-json\/wp\/v2\/product_tag?post=31713"}],"curies":[{"name":"wp","href":"https:\/\/api.w.org\/{rel}","templated":true}]}}