{"id":31716,"date":"2026-03-21T02:29:15","date_gmt":"2026-03-21T02:29:15","guid":{"rendered":"https:\/\/terrasouk.shop\/?post_type=product&#038;p=31716"},"modified":"2026-03-21T02:29:40","modified_gmt":"2026-03-21T02:29:40","slug":"steiff-kuscheltier-dinkie-esel-suesses-stofftier-mit-kunststoffaugen-kinder-jungen-maedchen-friends-plueschtier-22","status":"publish","type":"product","link":"https:\/\/terrasouk.shop\/en\/product\/steiff-kuscheltier-dinkie-esel-suesses-stofftier-mit-kunststoffaugen-kinder-jungen-maedchen-friends-plueschtier-22\/","title":{"rendered":"Steiff Kuscheltier Dinkie Esel, S\u00fc\u00dfes Stofftier mit Kunststoffaugen, Kinder, Jungen &#038; M\u00e4dchen, Friends, Pl\u00fcschtier 22"},"content":{"rendered":"<p><b>Marke:<\/b> Steiff<\/p>\n<p><b>Farbe:<\/b> 20 Cm<\/p>\n<p><b>Eigenschaften:<\/b><\/p>\n<ul>\n<li>BESTER FREUND: Das Original Steiff Pl\u00fcschtier ist nicht nur ein Kuscheltier, sondern auch der perfekte Spielkamerad f\u00fcr jedes Kind. Es wird schnell zum besten Freund und bleibt ein treuer Begleiter f\u00fcrs Leben.<\/li>\n<li>WEICH &amp; KUSCHELIG: Dinkie verzaubert mit seinem weichen Pl\u00fcschfell, seinem L\u00e4cheln und den Kunststoffaugen. Ein tolles Geschenk f\u00fcr Kinder, die auf der Suche nach einem treuen Kuschelfreund sind &#8211; ganz gleich, wie alt sie sind.<\/li>\n<li>MA\u00dfE &amp; PFLEGE: Der Esel ist 20 cm gro\u00df und hat einen schwarzen Haarflaum auf dem Kopf. Er ist in liebevoller Handarbeit gefertigt und somit ein Unikat. Zudem ist er bei 30 \u00b0C waschbar.<\/li>\n<li>BESONDERES SPIELERLEBNIS: Die unbedenkliche Granulatf\u00fcllung im Ges\u00e4\u00df sorgt f\u00fcr einen stabilen Sitz, die flexiblen Gliedma\u00dfen erh\u00f6hen den Spielspa\u00df zus\u00e4tzlich.<\/li>\n<li>ORIGINAL STEIFF: Seit 1880 steht der \u201eKnopf im Ohr\u201c f\u00fcr unser Qualit\u00e4tsversprechen. Unsere Pl\u00fcschtiere \u00fcberzeugen mit gepr\u00fcfter Qualit\u00e4t, unbedenklichen Materialien und hochwertiger Verarbeitung.<\/li>\n<\/ul>\n<p><b>Bindung:<\/b> Spielzeug<\/p>\n<p><b>Ver\u00f6ffentlichungsdatum:<\/b> 01-03-2020<\/p>\n<p><b>Modellnummer:<\/b> 073922<\/p>\n<p><b>Artikelnummer:<\/b> 073922<\/p>\n<p><b>EAN:<\/b> 4001505073922<\/p>\n<p><b>Paketma\u00dfe:<\/b> 9.4 x 6.7 x 3.0 inches<\/p>","protected":false},"excerpt":{"rendered":"<p>Marke: Steiff Farbe: 20 Cm Eigenschaften: BESTER FREUND: Das Original Steiff Pl\u00fcschtier ist nicht nur ein Kuscheltier, sondern auch der<\/p>","protected":false},"featured_media":31630,"comment_status":"open","ping_status":"closed","template":"","meta":[],"product_brand":[],"product_cat":[150,151,152],"product_tag":[149,141,144],"class_list":{"0":"post-31716","1":"product","2":"type-product","3":"status-publish","4":"has-post-thumbnail","6":"product_cat-collection-1","7":"product_cat-collection-2","8":"product_cat-startseite","9":"product_tag-steiff","10":"product_tag-stofftiere-teddybaeren","11":"product_tag-toy","13":"first","14":"instock","15":"shipping-taxable","16":"purchasable","17":"product-type-simple"},"_links":{"self":[{"href":"https:\/\/terrasouk.shop\/en\/wp-json\/wp\/v2\/product\/31716","targetHints":{"allow":["GET"]}}],"collection":[{"href":"https:\/\/terrasouk.shop\/en\/wp-json\/wp\/v2\/product"}],"about":[{"href":"https:\/\/terrasouk.shop\/en\/wp-json\/wp\/v2\/types\/product"}],"replies":[{"embeddable":true,"href":"https:\/\/terrasouk.shop\/en\/wp-json\/wp\/v2\/comments?post=31716"}],"version-history":[{"count":1,"href":"https:\/\/terrasouk.shop\/en\/wp-json\/wp\/v2\/product\/31716\/revisions"}],"predecessor-version":[{"id":31717,"href":"https:\/\/terrasouk.shop\/en\/wp-json\/wp\/v2\/product\/31716\/revisions\/31717"}],"wp:featuredmedia":[{"embeddable":true,"href":"https:\/\/terrasouk.shop\/en\/wp-json\/wp\/v2\/media\/31630"}],"wp:attachment":[{"href":"https:\/\/terrasouk.shop\/en\/wp-json\/wp\/v2\/media?parent=31716"}],"wp:term":[{"taxonomy":"product_brand","embeddable":true,"href":"https:\/\/terrasouk.shop\/en\/wp-json\/wp\/v2\/product_brand?post=31716"},{"taxonomy":"product_cat","embeddable":true,"href":"https:\/\/terrasouk.shop\/en\/wp-json\/wp\/v2\/product_cat?post=31716"},{"taxonomy":"product_tag","embeddable":true,"href":"https:\/\/terrasouk.shop\/en\/wp-json\/wp\/v2\/product_tag?post=31716"}],"curies":[{"name":"wp","href":"https:\/\/api.w.org\/{rel}","templated":true}]}}